{"id":287,"date":"2024-04-23T22:49:43","date_gmt":"2024-04-23T20:49:43","guid":{"rendered":"https:\/\/www.zeeb-bautrocknung.de\/?page_id=287"},"modified":"2024-04-23T22:54:36","modified_gmt":"2024-04-23T20:54:36","slug":"impressum","status":"publish","type":"page","link":"https:\/\/www.zeeb-bautrocknung.de\/en\/impressum\/","title":{"rendered":"Impressum"},"content":{"rendered":"<div id=\"fws_69dbac7f2ae6d\"  data-column-margin=\"default\" data-midnight=\"dark\" data-bottom-percent=\"2.5%\"  class=\"wpb_row vc_row-fluid vc_row  right_padding_5pct left_padding_5pct\"  style=\"padding-top: 0px; padding-bottom: calc(100vw * 0.02); \"><div class=\"row-bg-wrap\" data-bg-animation=\"none\" data-bg-animation-delay=\"\" data-bg-overlay=\"false\"><div class=\"inner-wrap row-bg-layer\" ><div class=\"row-bg viewport-desktop\"  style=\"\"><\/div><\/div><\/div><div class=\"row_col_wrap_12 col span_12 dark left\">\n\t<div  class=\"vc_col-sm-12 wpb_column column_container vc_column_container col no-extra-padding inherit_tablet inherit_phone\"  data-padding-pos=\"all\" data-has-bg-color=\"false\" data-bg-color=\"\" data-bg-opacity=\"1\" data-animation=\"\" data-delay=\"0\" >\n\t\t<div class=\"vc_column-inner\" >\n\t\t\t<div class=\"wpb_wrapper\">\n\t\t\t\t<div class=\"nectar-split-heading\" data-align=\"default\" data-m-align=\"inherit\" data-text-effect=\"default\" data-animation-type=\"line-reveal-by-space\" data-animation-delay=\"0\" data-animation-offset=\"\" data-m-rm-animation=\"\" data-stagger=\"\" data-custom-font-size=\"false\" ><h1 >Impressum<\/h1><\/div>\n<div class=\"wpb_text_column wpb_content_element\" >\n\t<div class=\"wpb_wrapper\">\n\t\t<p>Anbieterkennzeichnung nach \u00a7 5 TMG<br \/>\nAnbieter und verantwortlich f\u00fcr diese Internet-Domain im Sinne des \u00a7 5 des Telemediengesetzes (TDG), ist die Firma<br \/>\nZeeb Bautrocknung<br \/>\nRobert-Bosch Str. 8<br \/>\n71101 Sch\u00f6naich<br \/>\nTelefon 0 70 31 \u2013 411 838<br \/>\nE-Mail: Ralfzeeb@t-online.de<br \/>\nInternet: www.zeeb-bautrocknung.de<br \/>\nUst-IdNr. DE 238162494<\/p>\n<p>Haftungsausschluss<br \/>\nDie auf dieser Webseite bereitgestellten Informationen werden durch die Firma Zeeb Bautrocknung sorgf\u00e4ltig gepr\u00fcft und regelm\u00e4\u00dfig aktualisiert.<br \/>\nDennoch kann die Firma Zeeb Bautrocknung keine Haftung oder Garantie f\u00fcr die Aktualit\u00e4t, Richtigkeit und Vollst\u00e4ndigkeit der zur Verf\u00fcgung gestellten Informationen und Software \u00fcbernehmen.<br \/>\nGleiches gilt auch f\u00fcr den Inhalt der Websites, auf die mittels Hyperlink verwiesen wird.<br \/>\nDie Firma Zeeb Bautrocknung ist f\u00fcr den Inhalt der Websites, die auf Grund einer solchen Verbindung erreicht werden, nicht verantwortlich.<br \/>\nDie Vervielf\u00e4ltigung von Informationen und Daten, insbesondere die Verwendung von Texten und Textteilen, bedarf der vorherigen Zustimmung der Firma Zeeb Bautrocknung.<\/p>\n\t<\/div>\n<\/div>\n\n\n\n\n\t\t\t<\/div> \n\t\t<\/div>\n\t<\/div> \n<\/div><\/div>","protected":false},"excerpt":{"rendered":"Impressum Anbieterkennzeichnung nach \u00a7 5 TMG Anbieter und verantwortlich f\u00fcr diese Internet-Domain im Sinne des \u00a7 5 des Telemediengesetzes (TDG), ist die Firma Zeeb Bautrocknung Robert-Bosch Str. 8 71101 Sch\u00f6naich...","protected":false},"author":1,"featured_media":0,"parent":0,"menu_order":0,"comment_status":"closed","ping_status":"closed","template":"","meta":{"footnotes":""},"class_list":["post-287","page","type-page","status-publish"],"_links":{"self":[{"href":"https:\/\/www.zeeb-bautrocknung.de\/en\/wp-json\/wp\/v2\/pages\/287","targetHints":{"allow":["GET"]}}],"collection":[{"href":"https:\/\/www.zeeb-bautrocknung.de\/en\/wp-json\/wp\/v2\/pages"}],"about":[{"href":"https:\/\/www.zeeb-bautrocknung.de\/en\/wp-json\/wp\/v2\/types\/page"}],"author":[{"embeddable":true,"href":"https:\/\/www.zeeb-bautrocknung.de\/en\/wp-json\/wp\/v2\/users\/1"}],"replies":[{"embeddable":true,"href":"https:\/\/www.zeeb-bautrocknung.de\/en\/wp-json\/wp\/v2\/comments?post=287"}],"version-history":[{"count":3,"href":"https:\/\/www.zeeb-bautrocknung.de\/en\/wp-json\/wp\/v2\/pages\/287\/revisions"}],"predecessor-version":[{"id":290,"href":"https:\/\/www.zeeb-bautrocknung.de\/en\/wp-json\/wp\/v2\/pages\/287\/revisions\/290"}],"wp:attachment":[{"href":"https:\/\/www.zeeb-bautrocknung.de\/en\/wp-json\/wp\/v2\/media?parent=287"}],"curies":[{"name":"wp","href":"https:\/\/api.w.org\/{rel}","templated":true}]}}